{"id":707,"date":"2024-05-13T15:35:06","date_gmt":"2024-05-13T15:35:06","guid":{"rendered":"https:\/\/sites.glos.ac.uk\/festivaloflearning\/external-keynote-lecture-copy\/"},"modified":"2024-11-05T15:34:17","modified_gmt":"2024-11-05T15:34:17","slug":"academic-exchange-1a-1","status":"publish","type":"page","link":"https:\/\/sites.glos.ac.uk\/festivaloflearning\/academic-exchange-1a-1\/","title":{"rendered":"Academic exchange 1A 1"},"content":{"rendered":"\n<div class=\"wp-block-cover alignfull\" style=\"min-height:415px;aspect-ratio:unset;\"><span aria-hidden=\"true\" class=\"wp-block-cover__background has-palette-color-7-background-color has-background-dim-100 has-background-dim\"><\/span><div class=\"wp-block-cover__inner-container is-layout-constrained wp-block-cover-is-layout-constrained\">\n<h1 class=\"wp-block-heading has-palette-color-8-color has-text-color has-link-color wp-elements-87710d79f793e3219746aea0304496ee\"><strong>The novice and the expert: Reflections of reciprocity within the supervisory process<em>&nbsp;<\/em><\/strong>&nbsp;<\/h1>\n\n\n\n<p class=\"has-medium-font-size\"><strong><em>Sam Hughes (School of Education and Science) and Jazmine Parrott (MSc-R student)<\/em> &nbsp;<\/strong><\/p>\n<\/div><\/div>\n\n\n\n<p class=\"\">A key aspect of effective supervision is the supervisor-supervisee relationship (Kushwah &amp; Navrouzoglou, 2022). Traditionally, expert-novice relationships, in which the supervisor assumed the superior role, dominated supervisory practice; the primary focus being skill enhancement for the student (Carrington, 2004). However, recent research highlights an expanding role for supervisors, encompassing holistic support for supervisees (Adedokun &amp; Oyetunde-Joshua, 2024). Accordingly, the supervisory process has more recently been conceptualised as a reciprocal exchange of experiences encompassing mutual benefit for the student and supervisor (V\u00e4h\u00e4m\u00e4ki et al., 2021).&nbsp;&nbsp;<\/p>\n\n\n\n<p class=\"\">This academic exchange will present a case study outlining a novice-supervisor&#8217;s (Sam Hughes) and MSc-R student\u2019s (Jazmine Parrott) supervisory journey thus far, inclusive of the reciprocal exchanges that we have engaged in. Specifically, we will outline Jaz\u2019s research project before reflecting on the opportunities and learning experiences that have opened-up by working collaboratively, and discussing how we have navigated the many challenges that we have encountered together.&nbsp;&nbsp;<\/p>\n\n\n\n<p class=\"\">The intended outcome is to promote best practice and highlight the importance of collaborative learning during the supervisor-student dynamic. We conclude by highlighting the importance of the student learning from the supervisor and also the supervisor learning from the student in a reciprocal exchange of experiences to stimulate continual learning and engender mutual benefit.&nbsp;&nbsp;<\/p>\n","protected":false},"excerpt":{"rendered":"<p>A key aspect of effective supervision is the supervisor-supervisee relationship (Kushwah &amp; Navrouzoglou, 2022). Traditionally, expert-novice relationships, in which the supervisor assumed the superior role, dominated supervisory practice; the primary [&hellip;]<\/p>\n","protected":false},"author":9,"featured_media":129000004299,"parent":0,"menu_order":0,"comment_status":"closed","ping_status":"closed","template":"","meta":{"_acf_changed":false,"_EventAllDay":false,"_EventTimezone":"","_EventStartDate":"","_EventEndDate":"","_EventStartDateUTC":"","_EventEndDateUTC":"","_EventShowMap":false,"_EventShowMapLink":false,"_EventURL":"","_EventCost":"","_EventCostDescription":"","_EventCurrencySymbol":"","_EventCurrencyCode":"","_EventCurrencyPosition":"","_EventDateTimeSeparator":"","_EventTimeRangeSeparator":"","_EventOrganizerID":[],"_EventVenueID":[],"_OrganizerEmail":"","_OrganizerPhone":"","_OrganizerWebsite":"","_VenueAddress":"","_VenueCity":"","_VenueCountry":"","_VenueProvince":"","_VenueState":"","_VenueZip":"","_VenuePhone":"","_VenueURL":"","_VenueStateProvince":"","_VenueLat":"","_VenueLng":"","_VenueShowMap":false,"_VenueShowMapLink":false,"footnotes":""},"class_list":["post-707","page","type-page","status-publish","has-post-thumbnail","hentry"],"blocksy_meta":{"styles_descriptor":{"styles":{"desktop":"","tablet":"","mobile":""},"google_fonts":[],"version":6},"page_title_panel":"","has_hero_section":"default","44b114a8409227975d82df7f050ee570":"","hero_section":"type-1","hero_elements":[{"id":"custom_title","enabled":true,"heading_tag":"h1","title":"Home"},{"id":"custom_description","enabled":true,"description_visibility":{"desktop":true,"tablet":true,"mobile":false}},{"id":"custom_meta","enabled":false,"meta_elements":[{"id":"author","enabled":true,"label":"By","has_author_avatar":"yes","avatar_size":25},{"id":"post_date","enabled":true,"label":"On","date_format_source":"default","date_format":"M j, Y"},{"id":"updated_date","enabled":false,"label":"On","date_format_source":"default","date_format":"M j, Y"},{"id":"categories","enabled":false,"label":"In","style":"simple"},{"id":"comments","enabled":true}],"page_meta_elements":{"joined":true,"articles_count":true,"comments":true}},{"id":"breadcrumbs","enabled":false}],"1477ef1d8827a1f87d569ea3be2eff85":"","hero_alignment1":"CT_CSS_SKIP_RULE","hero_margin":40,"hero_alignment2":"center","hero_vertical_alignment":"center","0c25bf248facaa36fd1186f15e0aa248":"","hero_structure":"narrow","060ca8c6a76f7e288f21e1175b2bf1de":"","page_title_bg_type":"featured_image","custom_hero_background":{"attachment_id":null},"page_title_image_size":"full","parallax":{"desktop":false,"tablet":false,"mobile":false},"8aa08c0f26e878d7d3e766b949faca50":"","hero_height":"250px","pageTitleFont":{"family":"Default","variation":"Default","size":"30px","line-height":"CT_CSS_SKIP_RULE","letter-spacing":"CT_CSS_SKIP_RULE","text-transform":"CT_CSS_SKIP_RULE","text-decoration":"CT_CSS_SKIP_RULE"},"pageTitleFontColor":{"default":{"color":"CT_CSS_SKIP_RULEDEFAULT"}},"pageMetaFont":{"family":"Default","variation":"n6","size":"12px","line-height":"1.3","letter-spacing":"CT_CSS_SKIP_RULE","text-transform":"uppercase","text-decoration":"CT_CSS_SKIP_RULE"},"pageMetaFontColor":{"default":{"color":"CT_CSS_SKIP_RULEDEFAULT"},"hover":{"color":"CT_CSS_SKIP_RULEDEFAULT"}},"page_meta_button_type_font_colors":{"default":{"color":"CT_CSS_SKIP_RULEDEFAULT"},"hover":{"color":"CT_CSS_SKIP_RULEDEFAULT"}},"page_meta_button_type_background_colors":{"default":{"color":"CT_CSS_SKIP_RULEDEFAULT"},"hover":{"color":"CT_CSS_SKIP_RULEDEFAULT"}},"pageExcerptFont":{"family":"Default","variation":"Default","size":"CT_CSS_SKIP_RULE","line-height":"CT_CSS_SKIP_RULE","letter-spacing":"CT_CSS_SKIP_RULE","text-transform":"CT_CSS_SKIP_RULE","text-decoration":"CT_CSS_SKIP_RULE"},"pageExcerptColor":{"default":{"color":"CT_CSS_SKIP_RULEDEFAULT"}},"breadcrumbsFont":{"family":"Default","variation":"Default","size":"CT_CSS_SKIP_RULE","line-height":"CT_CSS_SKIP_RULE","letter-spacing":"CT_CSS_SKIP_RULE","text-transform":"CT_CSS_SKIP_RULE","text-decoration":"CT_CSS_SKIP_RULE"},"breadcrumbsFontColor":{"default":{"color":"CT_CSS_SKIP_RULEDEFAULT"},"initial":{"color":"CT_CSS_SKIP_RULEDEFAULT"},"hover":{"color":"CT_CSS_SKIP_RULEDEFAULT"}},"pageTitleOverlay":{"background_type":"color","background_pattern":"type-1","background_image":{"attachment_id":null,"x":0,"y":0},"gradient":"linear-gradient(135deg,rgba(6,147,227,1) 0%,rgb(155,81,224) 100%)","background_repeat":"repeat","background_size":"auto","background_attachment":"scroll","patternColor":{"default":{"color":"#e5e7ea"}},"overlayColor":{"default":{"color":"CT_CSS_SKIP_RULE"}},"backgroundColor":{"default":{"color":"CT_CSS_SKIP_RULE"}}},"pageTitleBackground":{"background_type":"color","background_pattern":"type-1","background_image":{"attachment_id":null,"x":0,"y":0},"gradient":"linear-gradient(135deg,rgba(6,147,227,1) 0%,rgb(155,81,224) 100%)","background_repeat":"repeat","background_size":"auto","background_attachment":"scroll","patternColor":{"default":{"color":"#e5e7ea"}},"overlayColor":{"default":{"color":"CT_CSS_SKIP_RULE"}},"backgroundColor":{"default":{"color":"var(--paletteColor6)"}}},"pageTitlePadding":{"top":"50px","bottom":"50px","left":"auto","right":"auto","linked":true},"83f8c4b7e8ed4679f08c27f2407b65a3":"","page_structure_type":"type-3","a4358ac3ea48438dbc34b9250ebb8206":"","content_style_source":"inherit","content_style":"wide","vertical_spacing_source":"inherit","content_area_spacing":"both","background":{"background_type":"color","background_pattern":"type-1","background_image":{"attachment_id":null,"x":0,"y":0},"gradient":"linear-gradient(135deg,rgba(6,147,227,1) 0%,rgb(155,81,224) 100%)","background_repeat":"repeat","background_size":"auto","background_attachment":"scroll","patternColor":{"default":{"color":"#e5e7ea"}},"overlayColor":{"default":{"color":"CT_CSS_SKIP_RULE"}},"backgroundColor":{"default":{"color":"CT_CSS_SKIP_RULE"}}},"content_background":{"background_type":"color","background_pattern":"type-1","background_image":{"attachment_id":null,"x":0,"y":0},"gradient":"linear-gradient(135deg,rgba(6,147,227,1) 0%,rgb(155,81,224) 100%)","background_repeat":"repeat","background_size":"auto","background_attachment":"scroll","patternColor":{"default":{"color":"#e5e7ea"}},"overlayColor":{"default":{"color":"CT_CSS_SKIP_RULE"}},"backgroundColor":{"default":{"color":"var(--paletteColor8)"}}},"content_boxed_shadow":{"inherit":false,"blur":18,"spread":-6,"v_offset":12,"h_offset":0,"inset":false,"enable":true,"color":{"color":"rgba(34, 56, 101, 0.04)"}},"boxed_content_spacing":{"desktop":{"top":"40px","bottom":"40px","left":"40px","right":"40px","linked":true},"tablet":{"top":"35px","bottom":"35px","left":"35px","right":"35px","linked":true},"mobile":{"top":"20px","bottom":"20px","left":"20px","right":"20px","linked":true}},"content_boxed_radius":{"top":"3px","bottom":"3px","left":"3px","right":"3px","linked":true},"630ea623e2764a2b771df4be66af2c90":"","disable_featured_image":"no","disable_share_box":"no","disable_header":"no","disable_footer":"no"},"acf":[],"_links":{"self":[{"href":"https:\/\/sites.glos.ac.uk\/festivaloflearning\/wp-json\/wp\/v2\/pages\/707","targetHints":{"allow":["GET"]}}],"collection":[{"href":"https:\/\/sites.glos.ac.uk\/festivaloflearning\/wp-json\/wp\/v2\/pages"}],"about":[{"href":"https:\/\/sites.glos.ac.uk\/festivaloflearning\/wp-json\/wp\/v2\/types\/page"}],"author":[{"embeddable":true,"href":"https:\/\/sites.glos.ac.uk\/festivaloflearning\/wp-json\/wp\/v2\/users\/9"}],"replies":[{"embeddable":true,"href":"https:\/\/sites.glos.ac.uk\/festivaloflearning\/wp-json\/wp\/v2\/comments?post=707"}],"version-history":[{"count":5,"href":"https:\/\/sites.glos.ac.uk\/festivaloflearning\/wp-json\/wp\/v2\/pages\/707\/revisions"}],"predecessor-version":[{"id":2893,"href":"https:\/\/sites.glos.ac.uk\/festivaloflearning\/wp-json\/wp\/v2\/pages\/707\/revisions\/2893"}],"wp:featuredmedia":[{"embeddable":true,"href":"https:\/\/sites.glos.ac.uk\/festivaloflearning\/wp-json\/"}],"wp:attachment":[{"href":"https:\/\/sites.glos.ac.uk\/festivaloflearning\/wp-json\/wp\/v2\/media?parent=707"}],"curies":[{"name":"wp","href":"https:\/\/api.w.org\/{rel}","templated":true}]}}